{"id":9,"date":"2023-12-04T11:48:33","date_gmt":"2023-12-04T11:48:33","guid":{"rendered":"https:\/\/stresemanntimes.de\/homepage\/?page_id=9"},"modified":"2023-12-04T12:48:31","modified_gmt":"2023-12-04T12:48:31","slug":"mesmerize","status":"publish","type":"page","link":"https:\/\/stresemanntimes.de\/homepage\/","title":{"rendered":"Front Page"},"content":{"rendered":"<div  id=\"team-1\" style=\"background-color: rgb(255, 255, 255); background-image: none;\" data-label=\"Team\" data-id=\"team-5-mc\" data-export-id=\"team-5-mc\" data-category=\"team\" class=\"team-5-mc content-section content-section-spacing\" data-bullets-visibility=\"true\"><div  class=\"gridContainer\"> <div  class=\"row text-center\"><div  class=\"section-title-col\" data-type=\"column\"> <h5  class=\"\">OUR AWESOME TEAM<\/h5> <h2  class=\"\">Our Team<\/h2> <p  class=\"lead\">There are number of instructions to be followed at the time of refilling an inket cartridge. So whenever your printer ink runs dry you need to follow the below steps for inkjet cartridge refill.<\/p><\/div> <\/div> <div  class=\"row spaced-cols content-center-sm\" data-type=\"row\"> <div  class=\"col-xs-12 col-sm-6 col-md-3 col-padding\"> <div  class=\"row \"> <div  data-type=\"column\" class=\"col-xs-12 col-sm-12\"> <img  decoding=\"async\" class=\"round face\" src=\"https:\/\/stresemanntimes.de\/homepage\/wp-content\/uploads\/2023\/12\/cropped-Kilian.png\" title=\"cropped-Kilian.png\" alt=\"\"> <h4  class=\"font-500\">Kilian Eisenbarth<\/h4>   <div  class=\"social-icons-group\" data-type=\"group\"> <a href=\"#\" target=\"_self\" data-reiki-hidden=\"true\" rel=\"noopener\"><i  class=\"gray fa icon fa-facebook-square\"><\/i><\/a> <a href=\"#\" target=\"_self\" data-reiki-hidden=\"true\" rel=\"noopener\"><i  class=\"gray fa icon fa-twitter-square\"><\/i><\/a> <a href=\"#\" target=\"_self\" data-reiki-hidden=\"true\" rel=\"noopener\"><i  class=\"gray fa icon fa-linkedin-square\"><\/i><\/a> <a href=\"#\" target=\"_self\" data-reiki-hidden=\"true\" rel=\"noopener\"><i  class=\"gray fa icon fa-google-plus-square\"><\/i><\/a><\/div> <\/div><\/div> <\/div>   <div  class=\"col-xs-12 col-sm-6 col-md-3 col-padding\"> <div  class=\"row \"> <div  data-type=\"column\" class=\"col-xs-12 col-sm-12\"> <img  decoding=\"async\" class=\"round face\" src=\"https:\/\/stresemanntimes.de\/homepage\/wp-content\/uploads\/2023\/12\/cropped-cropped-Milena.png\" title=\"cropped-cropped-Milena.png\" alt=\"\"> <h4  class=\"font-500\">Milena Greier<\/h4>   <div  class=\"social-icons-group\" data-type=\"group\"> <a href=\"#\" target=\"_self\" data-reiki-hidden=\"true\" rel=\"noopener\"><i  class=\"gray fa icon fa-facebook-square\"><\/i><\/a> <a href=\"#\" target=\"_self\" data-reiki-hidden=\"true\" rel=\"noopener\"><i  class=\"gray fa icon fa-twitter-square\"><\/i><\/a> <a href=\"#\" target=\"_self\" data-reiki-hidden=\"true\" rel=\"noopener\"><i  class=\"gray fa icon fa-linkedin-square\"><\/i><\/a> <a href=\"#\" target=\"_self\" data-reiki-hidden=\"true\" rel=\"noopener\"><i  class=\"gray fa icon fa-google-plus-square\"><\/i><\/a><\/div> <\/div><\/div> <\/div><div  class=\"col-xs-12 col-sm-6 col-md-3 col-padding\"> <div  class=\"row \"> <div  data-type=\"column\" class=\"col-xs-12 col-sm-12\"> <img  decoding=\"async\" class=\"round face\" src=\"https:\/\/stresemanntimes.de\/homepage\/wp-content\/uploads\/2023\/12\/cropped-Annalena.png\" title=\"cropped-Annalena.png\" alt=\"\"> <h4  class=\"font-500\">Annalena Bemsch<\/h4>   <div  class=\"social-icons-group\" data-type=\"group\"> <a href=\"#\" target=\"_self\" data-reiki-hidden=\"true\" rel=\"noopener\"><i  class=\"gray fa icon fa-facebook-square\"><\/i><\/a> <a href=\"#\" target=\"_self\" data-reiki-hidden=\"true\" rel=\"noopener\"><i  class=\"gray fa icon fa-twitter-square\"><\/i><\/a> <a href=\"#\" target=\"_self\" data-reiki-hidden=\"true\" rel=\"noopener\"><i  class=\"gray fa icon fa-linkedin-square\"><\/i><\/a> <a href=\"#\" target=\"_self\" data-reiki-hidden=\"true\" rel=\"noopener\"><i  class=\"gray fa icon fa-google-plus-square\"><\/i><\/a><\/div> <\/div><\/div> <\/div><div  class=\"col-xs-12 col-sm-6 col-md-3 col-padding\"> <div  class=\"row \"> <div  data-type=\"column\" class=\"col-xs-12 col-sm-12\"> <img  decoding=\"async\" class=\"round face\" src=\"https:\/\/stresemanntimes.de\/homepage\/wp-content\/uploads\/2023\/12\/cropped-Nico.png\" title=\"cropped-Nico.png\" alt=\"\"> <h4  class=\"font-500\">Nico Rhim<\/h4>   <div  class=\"social-icons-group\" data-type=\"group\"> <a href=\"#\" target=\"_self\" data-reiki-hidden=\"true\" rel=\"noopener\"><i  class=\"gray fa icon fa-facebook-square\"><\/i><\/a> <a href=\"#\" target=\"_self\" data-reiki-hidden=\"true\" rel=\"noopener\"><i  class=\"gray fa icon fa-twitter-square\"><\/i><\/a> <a href=\"#\" target=\"_self\" data-reiki-hidden=\"true\" rel=\"noopener\"><i  class=\"gray fa icon fa-linkedin-square\"><\/i><\/a> <a href=\"#\" target=\"_self\" data-reiki-hidden=\"true\" rel=\"noopener\"><i  class=\"gray fa icon fa-google-plus-square\"><\/i><\/a><\/div> <\/div><\/div> <\/div><\/div> <\/div><\/div><div  id=\"ausgaben\" data-label=\"Ausgaben\" data-id=\"portfolio-5-mc\" data-export-id=\"portfolio-5-mc\" data-bullets-visibility=\"true\" data-category=\"portfolio\" class=\"portfolio-5-mc content-section content-section-spacing section-title-col-white-text bg-color1\"><div  class=\"gridContainer\"> <div  class=\"row text-center\"><div  class=\"section-title-col\" data-type=\"column\"> <h5  class=\"\">Wir pr\u00e4sentieren:<\/h5> <h2  class=\"\">Unsere letzten Ausgaben:<\/h2> <p  class=\"lead\">Jedes Jahr ver\u00f6ffentlichen wir 3 Ausgaben! Hier finden Sie die letzten Ausgaben, mit einer kleinen Beschreibung.<\/p><\/div> <\/div> <div  class=\"row space-bottom spaced-cols\" data-type=\"row\"> <div  class=\"col-xs-12 col-sm-4 text-center\"> <div  class=\"card no-padding bordered\"> <div  data-hover-fx=\"portfolio-6\" class=\"contentswap-effect contentswap-overlay\" style=\"float: none; margin: 0; width: 100%;\"> <div  class=\"initial-image\" style=\"float: none; margin: 0;\"> <img  decoding=\"async\" data-size=\"500x333\" src=\"https:\/\/stresemanntimes.de\/homepage\/wp-content\/uploads\/2023\/12\/Deckblatt.png\"><\/div> <div  class=\"overlay bg-color6\" style=\"display: block; transition: opacity 800ms ease 0s; -webkit-transition-timing-function: ease; -moz-transition-timing-function: ease; -o-transition-timing-function: ease; transition-timing-function: ease;\"><\/div> <div  class=\"swap-inner col-xs-12\" style=\"display: block; transition: all 800ms ease 0s; background-color: rgba(0,0,0,0); margin-top: 0;\"> <div  class=\"row full-height-row middle-xs middle-sm\"> <div  class=\"col-xs-12 text-center content-holder\"> <a class=\"button small color2\" href=\"https:\/\/stresemanntimes.de\/shop\/startseite\/30-ausgabe-14-sommer-2023.html\" target=\"_blank\" data-cp-link=\"1\" rel=\"noopener\">Kaufen<\/a><\/div> <\/div><\/div> <\/div> <div  class=\"col-xs-12\"> <div  class=\"space-bottom space-top\" data-type=\"column\"> <h5  class=\"\">Ausgabe 14<\/h5> <p  class=\"small italic\">In der Ausgabe vom Sommer 2023 dreht sich alles rund um das GSG: Wir befassen uns mit Themen, die Sch\u00fclerinnen und Sch\u00fcler besch\u00e4ftigen und zeigen das GSG in seinem fr\u00fchen Jahren.<\/p><\/div> <\/div><\/div> <\/div> <div  class=\"col-xs-12 col-sm-4 text-center\"> <div  class=\"card no-padding bordered\"> <div  data-hover-fx=\"portfolio-6\" class=\"contentswap-effect contentswap-overlay\" style=\"float: none; margin: 0; width: 100%;\"> <div  class=\"initial-image\" style=\"float: none; margin: 0;\"> <img  decoding=\"async\" data-size=\"500x333\" src=\"https:\/\/stresemanntimes.de\/homepage\/wp-content\/uploads\/2023\/12\/Deckblatt.png\"><\/div> <div  class=\"overlay bg-color6\" style=\"display: block; transition: opacity 800ms ease 0s; -webkit-transition-timing-function: ease; -moz-transition-timing-function: ease; -o-transition-timing-function: ease; transition-timing-function: ease;\"><\/div> <div  class=\"swap-inner col-xs-12\" style=\"display: block; transition: all 800ms ease 0s; background-color: rgba(0,0,0,0); margin-top: 0;\"> <div  class=\"row full-height-row middle-xs middle-sm\"> <div  class=\"col-xs-12 text-center content-holder\"> <a class=\"button small color2\" href=\"https:\/\/stresemanntimes.de\/shop\/startseite\/30-ausgabe-14-sommer-2023.html\" target=\"_blank\" data-cp-link=\"1\" rel=\"noopener\">Kaufen<\/a><\/div> <\/div><\/div> <\/div> <div  class=\"col-xs-12\"> <div  class=\"space-bottom space-top\" data-type=\"column\"> <h5  class=\"\">Ausgabe 14<\/h5> <p  class=\"small italic\">In der Ausgabe vom Sommer 2023 dreht sich alles rund um das GSG: Wir befassen uns mit Themen, die Sch\u00fclerinnen und Sch\u00fcler besch\u00e4ftigen und zeigen das GSG in seinem fr\u00fchen Jahren.<\/p><\/div> <\/div><\/div> <\/div> <div  class=\"col-xs-12 col-sm-4 text-center\"> <div  class=\"card no-padding bordered\"> <div  data-hover-fx=\"portfolio-6\" class=\"contentswap-effect contentswap-overlay\" style=\"float: none; margin: 0; width: 100%;\"> <div  class=\"initial-image\" style=\"float: none; margin: 0;\"> <img  decoding=\"async\" data-size=\"500x333\" src=\"https:\/\/stresemanntimes.de\/homepage\/wp-content\/uploads\/2023\/12\/Deckblatt.png\"><\/div> <div  class=\"overlay bg-color6\" style=\"display: block; transition: opacity 800ms ease 0s; -webkit-transition-timing-function: ease; -moz-transition-timing-function: ease; -o-transition-timing-function: ease; transition-timing-function: ease;\"><\/div> <div  class=\"swap-inner col-xs-12\" style=\"display: block; transition: all 800ms ease 0s; background-color: rgba(0,0,0,0); margin-top: 0;\"> <div  class=\"row full-height-row middle-xs middle-sm\"> <div  class=\"col-xs-12 text-center content-holder\"> <a class=\"button small color2\" href=\"https:\/\/stresemanntimes.de\/shop\/startseite\/30-ausgabe-14-sommer-2023.html\" target=\"_blank\" data-cp-link=\"1\" rel=\"noopener\">Kaufen<\/a><\/div> <\/div><\/div> <\/div> <div  class=\"col-xs-12\"> <div  class=\"space-bottom space-top\" data-type=\"column\"> <h5  class=\"\">Ausgabe 14<\/h5> <p  class=\"small italic\">In der Ausgabe vom Sommer 2023 dreht sich alles rund um das GSG: Wir befassen uns mit Themen, die Sch\u00fclerinnen und Sch\u00fcler besch\u00e4ftigen und zeigen das GSG in seinem fr\u00fchen Jahren.<\/p><\/div> <\/div><\/div> <\/div><\/div> <div  class=\"row\"><div  data-type=\"column\" class=\"col-xs-12 text-center\"> <\/div> <\/div><\/div> <\/div><div  id=\"kontakt\" style=\"background-color: rgb(255, 255, 255); background-image: url(&quot;https:\/\/stresemanntimes.de\/homepage\/wp-content\/uploads\/2023\/12\/IMG_1753.jpg&quot;); background-size: cover; background-position: center top;\" data-label=\"Kontakt\" data-id=\"contact-1-mc\" data-export-id=\"contact-1-mc\" data-bullets-visibility=\"true\" data-category=\"contact\" class=\"contact-1-mc content-section content-section-spacing white-text\" data-parallax-depth=\"20\"><div  class=\"\"> <div  class=\"row text-center\"><div  class=\"section-title-col\" data-type=\"column\"> <h5  class=\"\">Verbinden Sie sich mit uns!<\/h5> <h2  class=\"\">Kontakt<\/h2> <p  class=\"lead\">Sie haben eine Frage? Sie wollen etwas abkl\u00e4ren? \u2013 Oder etwas ganz anderes?\n<br ><br >Nehmen sie ganz einfach Kontakt mit uns auf:<\/p><\/div> <\/div> <div  class=\"row text-center\"> <div  class=\"col-xs-12 col-sm-8 col-sm-offset-2 contact-form-wrapper inline-info\"> <div  class=\"card large-padding\"> <div  class=\"\" data-content-shortcode=\"mesmerize_contact_form\" data-editable=\"true\"><p style=\"text-align:center;color:#ababab\">Contact form will be displayed here. To activate it you have to set the \"contact form shortcode\" parameter in Customizer.<\/p><\/div><\/div> <\/div><\/div> <\/div><\/div>","protected":false},"excerpt":{"rendered":"<p>OUR AWESOME TEAM Our Team There are number of instructions to be followed at the time of refilling an inket cartridge. So whenever your printer ink runs dry you need to follow the below steps for inkjet cartridge refill. Kilian Eisenbarth Milena Greier Annalena Bemsch Nico Rhim Wir pr\u00e4sentieren: Unsere letzten Ausgaben: Jedes Jahr ver\u00f6ffentlichen&hellip; <br \/> <a class=\"read-more\" href=\"https:\/\/stresemanntimes.de\/homepage\/\">Weiterlesen<\/a><\/p>\n","protected":false},"author":1,"featured_media":0,"parent":0,"menu_order":0,"comment_status":"closed","ping_status":"closed","template":"page-templates\/homepage.php","meta":{"_acf_changed":false,"footnotes":""},"class_list":["post-9","page","type-page","status-publish","hentry"],"acf":[],"_links":{"self":[{"href":"https:\/\/stresemanntimes.de\/homepage\/wp-json\/wp\/v2\/pages\/9","targetHints":{"allow":["GET"]}}],"collection":[{"href":"https:\/\/stresemanntimes.de\/homepage\/wp-json\/wp\/v2\/pages"}],"about":[{"href":"https:\/\/stresemanntimes.de\/homepage\/wp-json\/wp\/v2\/types\/page"}],"author":[{"embeddable":true,"href":"https:\/\/stresemanntimes.de\/homepage\/wp-json\/wp\/v2\/users\/1"}],"replies":[{"embeddable":true,"href":"https:\/\/stresemanntimes.de\/homepage\/wp-json\/wp\/v2\/comments?post=9"}],"version-history":[{"count":0,"href":"https:\/\/stresemanntimes.de\/homepage\/wp-json\/wp\/v2\/pages\/9\/revisions"}],"wp:attachment":[{"href":"https:\/\/stresemanntimes.de\/homepage\/wp-json\/wp\/v2\/media?parent=9"}],"curies":[{"name":"wp","href":"https:\/\/api.w.org\/{rel}","templated":true}]}}